{"id":6024,"date":"2024-06-13T16:27:18","date_gmt":"2024-06-13T14:27:18","guid":{"rendered":"https:\/\/mobius3dt.com\/?page_id=6024"},"modified":"2024-10-14T16:03:03","modified_gmt":"2024-10-14T14:03:03","slug":"3d-print-service","status":"publish","type":"page","link":"https:\/\/mobius3dt.com\/en\/3d-print-service\/","title":{"rendered":"metaal 3D printen"},"content":{"rendered":"<p>This production method offers endless possibilities and a lot of design freedom. Patient-specific designs can be realized and several techniques can be applied to save weight, such as the use of hollow or mesh structures and topology optimization.<\/p>\n<p>Producten kunnen snel gerealiseerd worden doordat er snel geproduceerd kan worden zonder gebruik te maken van custom-made tools, gietmallen of verspaningsprogramma&#8217;s. Bovendien kunnen meerdere onderdelen worden geproduceerd tijdens \u00e9\u00e9n cyclus. Van prototypes en pati\u00ebnt-specifieke producten tot serieproductie, metaal 3D printen biedt de kans om jouw ontwerpen in korte duur te realiseren!<\/p>\n<p>&nbsp;<\/p>\n<p><strong>Documentatie<\/strong><\/p>\n<p>Mobius werkt met een kwaliteitsmanagementsysteem wat de ISO 13485 (medical) volgt, wat de internationale kwaliteitsnorm is voor medische hulpmiddelen. Hiermee garanderen wij de kwaliteit van al onze producten, en kunnen wij alle documenten, rapportages en certificeringen aanleveren die u nodig heeft. Denk hierbij aan bijvoorbeeld een conformiteitsverklaring (EU Certificate of Conformity (EU-CoC)) of rapportages van nabewerkingsstappen. Als u inlogt op onze website kunt u al bij documentatie zoals:<\/p>\n<ul>\n<li>Material data,<\/li>\n<li>DIN ISO 2768 standard for tolerances.<\/li>\n<\/ul>\n<p>&nbsp;<\/p>\n<p><strong>Technical specifications<\/strong><\/p>\n<p>For a comprehensive overview of the material data, such as the chemical composition or mechanical properties, see the document below.<\/p>\n\t\t\t\t<img loading=\"lazy\" decoding=\"async\" src=\"https:\/\/mobius3dt.com\/wp-content\/uploads\/2024\/06\/Technische-specificaties.png\" alt=\"Technische specificaties\" itemprop=\"image\" height=\"282\" width=\"914\" title=\"Technical specifications\" onerror=\"this.style.display='none'\"  \/>\n\t<p>&nbsp;<\/p>\n<p><strong>Design guidelines<\/strong><\/p>\n<p>Om jou op weg te helpen en om veelgemaakte ontwerpfouten bij metaal 3D printen te voorkomen hebben we onze beste &#8216;tips &amp; tricks&#8217; samengevoegd in deze handige ontwerpgids. Hierin staan alle algemene design richtlijnen die van pas kunnen komen bij het ontwerpen van een metaal 3D geprint product.<\/p>\n\t<p><strong>Editing capabilities<\/strong><\/p>\n<p>Wanneer het product uit de 3D printer komt zijn er vele nabewerkingsmogelijkheden mogelijk om jouw visie te realiseren. Naast de standaard oppervlaktebehandeling die wij uitvoeren voor al onze producten (support verwijderen, schuren en glasparel reinigen) vari\u00ebren de mogelijkheden van warmtebehandeling en polijsten, tot machinale bewerkingen zoals 5 assig CNC frezen of meer-assig CNC draaien. In ons &#8216;diensten&#8217; overzicht is een volledig overzicht gegeven van alle diensten die Mobius kan bieden.<\/p>","protected":false},"excerpt":{"rendered":"<p>Deze productiemethode biedt oneindige mogelijkheden en veel ontwerp vrijheid. Zo kunnen er patient-specifieke ontwerpen gerealiseerd worden en kunnen er meerdere technieken worden toegepast om gewicht te besparen, zoals bijvoorbeeld gebruik te maken van holle- of mesh-structuren en topologie optimalisatie. Producten kunnen snel gerealiseerd worden doordat er snel geproduceerd kan worden zonder gebruik te maken van&hellip;<\/p>","protected":false},"author":7,"featured_media":0,"parent":0,"menu_order":0,"comment_status":"closed","ping_status":"closed","template":"","meta":{"footnotes":""},"yoast_head":"<!-- This site is optimized with the Yoast SEO plugin v22.8 - https:\/\/yoast.com\/wordpress\/plugins\/seo\/ -->\n<title>metaal 3D printen - Mobius 3D Technologies<\/title>\n<meta name=\"robots\" content=\"index, follow, max-snippet:-1, max-image-preview:large, max-video-preview:-1\" \/>\n<link rel=\"canonical\" href=\"https:\/\/mobius3dt.com\/en\/3d-print-service\/\" \/>\n<meta property=\"og:locale\" content=\"en_GB\" \/>\n<meta property=\"og:type\" content=\"article\" \/>\n<meta property=\"og:title\" content=\"metaal 3D printen - Mobius 3D Technologies\" \/>\n<meta property=\"og:description\" content=\"Deze productiemethode biedt oneindige mogelijkheden en veel ontwerp vrijheid. Zo kunnen er patient-specifieke ontwerpen gerealiseerd worden en kunnen er meerdere technieken worden toegepast om gewicht te besparen, zoals bijvoorbeeld gebruik te maken van holle- of mesh-structuren en topologie optimalisatie. Producten kunnen snel gerealiseerd worden doordat er snel geproduceerd kan worden zonder gebruik te maken van&hellip;\" \/>\n<meta property=\"og:url\" content=\"https:\/\/mobius3dt.com\/en\/3d-print-service\/\" \/>\n<meta property=\"og:site_name\" content=\"Mobius 3D Technologies\" \/>\n<meta property=\"article:publisher\" content=\"https:\/\/business.facebook.com\/Mobius3DTechnologies\/\" \/>\n<meta property=\"article:modified_time\" content=\"2024-10-14T14:03:03+00:00\" \/>\n<meta property=\"og:image\" content=\"https:\/\/mobius3dt.com\/wp-content\/uploads\/2024\/06\/Technische-specificaties.png\" \/>\n<meta name=\"twitter:card\" content=\"summary_large_image\" \/>\n<meta name=\"twitter:site\" content=\"@Mobius3DTech\" \/>\n<meta name=\"twitter:label1\" content=\"Estimated reading time\" \/>\n\t<meta name=\"twitter:data1\" content=\"3 minutes\" \/>\n<script type=\"application\/ld+json\" class=\"yoast-schema-graph\">{\"@context\":\"https:\/\/schema.org\",\"@graph\":[{\"@type\":\"WebPage\",\"@id\":\"https:\/\/mobius3dt.com\/3d-print-service\/\",\"url\":\"https:\/\/mobius3dt.com\/3d-print-service\/\",\"name\":\"metaal 3D printen - Mobius 3D Technologies\",\"isPartOf\":{\"@id\":\"https:\/\/mobius3dt.com\/#website\"},\"primaryImageOfPage\":{\"@id\":\"https:\/\/mobius3dt.com\/3d-print-service\/#primaryimage\"},\"image\":{\"@id\":\"https:\/\/mobius3dt.com\/3d-print-service\/#primaryimage\"},\"thumbnailUrl\":\"https:\/\/mobius3dt.com\/wp-content\/uploads\/2024\/06\/Technische-specificaties.png\",\"datePublished\":\"2024-06-13T14:27:18+00:00\",\"dateModified\":\"2024-10-14T14:03:03+00:00\",\"breadcrumb\":{\"@id\":\"https:\/\/mobius3dt.com\/3d-print-service\/#breadcrumb\"},\"inLanguage\":\"en-GB\",\"potentialAction\":[{\"@type\":\"ReadAction\",\"target\":[\"https:\/\/mobius3dt.com\/3d-print-service\/\"]}]},{\"@type\":\"ImageObject\",\"inLanguage\":\"en-GB\",\"@id\":\"https:\/\/mobius3dt.com\/3d-print-service\/#primaryimage\",\"url\":\"https:\/\/mobius3dt.com\/wp-content\/uploads\/2024\/06\/Technische-specificaties.png\",\"contentUrl\":\"https:\/\/mobius3dt.com\/wp-content\/uploads\/2024\/06\/Technische-specificaties.png\"},{\"@type\":\"BreadcrumbList\",\"@id\":\"https:\/\/mobius3dt.com\/3d-print-service\/#breadcrumb\",\"itemListElement\":[{\"@type\":\"ListItem\",\"position\":1,\"name\":\"Home\",\"item\":\"https:\/\/mobius3dt.com\/\"},{\"@type\":\"ListItem\",\"position\":2,\"name\":\"metaal 3D printen\"}]},{\"@type\":\"WebSite\",\"@id\":\"https:\/\/mobius3dt.com\/#website\",\"url\":\"https:\/\/mobius3dt.com\/\",\"name\":\"Mobius 3D Technologies\",\"description\":\"Voor de vraag van vandaag en de zorg van de toekomst\",\"publisher\":{\"@id\":\"https:\/\/mobius3dt.com\/#organization\"},\"potentialAction\":[{\"@type\":\"SearchAction\",\"target\":{\"@type\":\"EntryPoint\",\"urlTemplate\":\"https:\/\/mobius3dt.com\/?s={search_term_string}\"},\"query-input\":\"required name=search_term_string\"}],\"inLanguage\":\"en-GB\"},{\"@type\":\"Organization\",\"@id\":\"https:\/\/mobius3dt.com\/#organization\",\"name\":\"Mobius 3D Technologies\",\"url\":\"https:\/\/mobius3dt.com\/\",\"logo\":{\"@type\":\"ImageObject\",\"inLanguage\":\"en-GB\",\"@id\":\"https:\/\/mobius3dt.com\/#\/schema\/logo\/image\/\",\"url\":\"https:\/\/mobius3dt.com\/wp-content\/uploads\/2020\/09\/logo-mobius-vertical-1.jpg\",\"contentUrl\":\"https:\/\/mobius3dt.com\/wp-content\/uploads\/2020\/09\/logo-mobius-vertical-1.jpg\",\"width\":112,\"height\":112,\"caption\":\"Mobius 3D Technologies\"},\"image\":{\"@id\":\"https:\/\/mobius3dt.com\/#\/schema\/logo\/image\/\"},\"sameAs\":[\"https:\/\/business.facebook.com\/Mobius3DTechnologies\/\",\"https:\/\/x.com\/Mobius3DTech\",\"https:\/\/www.instagram.com\/mr.additive\/\",\"https:\/\/www.linkedin.com\/company\/mobius-3d-technologies\/\"]}]}<\/script>\n<!-- \/ Yoast SEO plugin. -->","yoast_head_json":{"title":"metaal 3D printen - Mobius 3D Technologies","robots":{"index":"index","follow":"follow","max-snippet":"max-snippet:-1","max-image-preview":"max-image-preview:large","max-video-preview":"max-video-preview:-1"},"canonical":"https:\/\/mobius3dt.com\/en\/3d-print-service\/","og_locale":"en_GB","og_type":"article","og_title":"metaal 3D printen - Mobius 3D Technologies","og_description":"Deze productiemethode biedt oneindige mogelijkheden en veel ontwerp vrijheid. Zo kunnen er patient-specifieke ontwerpen gerealiseerd worden en kunnen er meerdere technieken worden toegepast om gewicht te besparen, zoals bijvoorbeeld gebruik te maken van holle- of mesh-structuren en topologie optimalisatie. Producten kunnen snel gerealiseerd worden doordat er snel geproduceerd kan worden zonder gebruik te maken van&hellip;","og_url":"https:\/\/mobius3dt.com\/en\/3d-print-service\/","og_site_name":"Mobius 3D Technologies","article_publisher":"https:\/\/business.facebook.com\/Mobius3DTechnologies\/","article_modified_time":"2024-10-14T14:03:03+00:00","og_image":[{"url":"https:\/\/mobius3dt.com\/wp-content\/uploads\/2024\/06\/Technische-specificaties.png"}],"twitter_card":"summary_large_image","twitter_site":"@Mobius3DTech","twitter_misc":{"Estimated reading time":"3 minutes"},"schema":{"@context":"https:\/\/schema.org","@graph":[{"@type":"WebPage","@id":"https:\/\/mobius3dt.com\/3d-print-service\/","url":"https:\/\/mobius3dt.com\/3d-print-service\/","name":"metaal 3D printen - Mobius 3D Technologies","isPartOf":{"@id":"https:\/\/mobius3dt.com\/#website"},"primaryImageOfPage":{"@id":"https:\/\/mobius3dt.com\/3d-print-service\/#primaryimage"},"image":{"@id":"https:\/\/mobius3dt.com\/3d-print-service\/#primaryimage"},"thumbnailUrl":"https:\/\/mobius3dt.com\/wp-content\/uploads\/2024\/06\/Technische-specificaties.png","datePublished":"2024-06-13T14:27:18+00:00","dateModified":"2024-10-14T14:03:03+00:00","breadcrumb":{"@id":"https:\/\/mobius3dt.com\/3d-print-service\/#breadcrumb"},"inLanguage":"en-GB","potentialAction":[{"@type":"ReadAction","target":["https:\/\/mobius3dt.com\/3d-print-service\/"]}]},{"@type":"ImageObject","inLanguage":"en-GB","@id":"https:\/\/mobius3dt.com\/3d-print-service\/#primaryimage","url":"https:\/\/mobius3dt.com\/wp-content\/uploads\/2024\/06\/Technische-specificaties.png","contentUrl":"https:\/\/mobius3dt.com\/wp-content\/uploads\/2024\/06\/Technische-specificaties.png"},{"@type":"BreadcrumbList","@id":"https:\/\/mobius3dt.com\/3d-print-service\/#breadcrumb","itemListElement":[{"@type":"ListItem","position":1,"name":"Home","item":"https:\/\/mobius3dt.com\/"},{"@type":"ListItem","position":2,"name":"metaal 3D printen"}]},{"@type":"WebSite","@id":"https:\/\/mobius3dt.com\/#website","url":"https:\/\/mobius3dt.com\/","name":"Mobius 3D Technologies","description":"Voor de vraag van vandaag en de zorg van de toekomst","publisher":{"@id":"https:\/\/mobius3dt.com\/#organization"},"potentialAction":[{"@type":"SearchAction","target":{"@type":"EntryPoint","urlTemplate":"https:\/\/mobius3dt.com\/?s={search_term_string}"},"query-input":"required name=search_term_string"}],"inLanguage":"en-GB"},{"@type":"Organization","@id":"https:\/\/mobius3dt.com\/#organization","name":"Mobius 3D Technologies","url":"https:\/\/mobius3dt.com\/","logo":{"@type":"ImageObject","inLanguage":"en-GB","@id":"https:\/\/mobius3dt.com\/#\/schema\/logo\/image\/","url":"https:\/\/mobius3dt.com\/wp-content\/uploads\/2020\/09\/logo-mobius-vertical-1.jpg","contentUrl":"https:\/\/mobius3dt.com\/wp-content\/uploads\/2020\/09\/logo-mobius-vertical-1.jpg","width":112,"height":112,"caption":"Mobius 3D Technologies"},"image":{"@id":"https:\/\/mobius3dt.com\/#\/schema\/logo\/image\/"},"sameAs":["https:\/\/business.facebook.com\/Mobius3DTechnologies\/","https:\/\/x.com\/Mobius3DTech","https:\/\/www.instagram.com\/mr.additive\/","https:\/\/www.linkedin.com\/company\/mobius-3d-technologies\/"]}]}},"_links":{"self":[{"href":"https:\/\/mobius3dt.com\/en\/wp-json\/wp\/v2\/pages\/6024"}],"collection":[{"href":"https:\/\/mobius3dt.com\/en\/wp-json\/wp\/v2\/pages"}],"about":[{"href":"https:\/\/mobius3dt.com\/en\/wp-json\/wp\/v2\/types\/page"}],"author":[{"embeddable":true,"href":"https:\/\/mobius3dt.com\/en\/wp-json\/wp\/v2\/users\/7"}],"replies":[{"embeddable":true,"href":"https:\/\/mobius3dt.com\/en\/wp-json\/wp\/v2\/comments?post=6024"}],"version-history":[{"count":18,"href":"https:\/\/mobius3dt.com\/en\/wp-json\/wp\/v2\/pages\/6024\/revisions"}],"predecessor-version":[{"id":6142,"href":"https:\/\/mobius3dt.com\/en\/wp-json\/wp\/v2\/pages\/6024\/revisions\/6142"}],"wp:attachment":[{"href":"https:\/\/mobius3dt.com\/en\/wp-json\/wp\/v2\/media?parent=6024"}],"curies":[{"name":"wp","href":"https:\/\/api.w.org\/{rel}","templated":true}]}}