{"id":5645,"date":"2023-04-19T09:50:38","date_gmt":"2023-04-19T07:50:38","guid":{"rendered":"https:\/\/mobius3dt.com\/?page_id=5645"},"modified":"2025-01-06T16:01:38","modified_gmt":"2025-01-06T15:01:38","slug":"home-2","status":"publish","type":"page","link":"https:\/\/mobius3dt.com\/en\/","title":{"rendered":"Homepage"},"content":{"rendered":"<h3>\n\t\tToday\u2019s innovations for tomorrow\u2019s healthcare\n\t<\/h3>\n\t\t<a href=\"#intro\" target=\"_self\" rel=\"noopener\"><\/a>\n\t\t<img decoding=\"async\" src=\"https:\/\/mobius3dt.com\/wp-content\/uploads\/2023\/04\/Artboard-5.png\" alt=\"Artboard 5\" itemprop=\"image\"\/>\n\t<h2>How can we be of service to you?<\/h2>\n\t<p>At Mobius 3D Technologies, we are passionate about metal 3D printing products for a variety of industries, particularly medical device design and manufacturing. We understand the value and potential that printing brings to innovative designs and overcoming the added challenges of manufacturing. Mobius 3D Technologies is constantly pushing the boundaries of 3D printing and metalworking. This is why we offer more than just quality products. With our accumulated knowledge, we offer advice on functionality and optimising products for the printing process.<\/p>\n<p>Mobius 3D Technologies is constantly pushing the boundaries of 3D printing and metalworking. This is why we offer more than just quality products. With our accumulated knowledge, we offer advice on functionality and optimising products for the printing process.<\/p>\n<p>&nbsp;<\/p>\n\t\t<img decoding=\"async\" src=\"https:\/\/mobius3dt.com\/wp-content\/uploads\/2023\/04\/Artboard-5.png\" alt=\"Artboard 5\" itemprop=\"image\"\/>\n\t<h2>Mobius is active in the medical sector<\/h2>\n\t<p>In collaboration with the clinic, Mobius 3D Technologies creates cutting edge medical devices. Our devices are manufactured to meet ISO 13485 standards, primarily for use in maxillofacial surgery and orthopaedics.<\/p>\n\t<h2>Medical projects<\/h2>\n\t\t\t\t\t\tPurinox HME: Heat and moisture exchanger\n\t\t\t<p>Patients with laryngeal cancer breathe through a stoma in the neck instead of through the nose and mouth after a total laryngectomy. As air is no longer inhaled through the nose, the air is cooler and less humid. The use of a Heat and Moisture Exchanger (HME) can restore the important heating and humidification function. The PURINOX HME was developed using innovative design and advanced 3D metal printing technology, which aids in excellent humidification. At the same time, the resistance of the PURINOX HME remains low. In combination with a voice prosthesis, the PURINOX HME also enables speech by simply closing the ergonomically designed openings of the PURINOX HME with thumb and forefinger without applying pressure to your stoma.<\/p>\n<p><a href=\"https:\/\/purinoxhme.com\" target=\"_blank\" rel=\"noopener\">purinoxhme.com<\/a><\/p>\n\t\t\t\t\t\tSternal fixation system\n\t\t\t<p>Pati\u00ebnten die een totale laryngectomie hebben ondergaan, bij strottenhoofdkanker, kunnen spreken doormiddel van het afdekken van de stoma met de hand. Veel pati\u00ebnten vinden dit bezwaarlijk omdat hiermee hun handicap steeds wordt benadrukt tijdens spraak en zij \u00e9\u00e9n hand kwijt zijn. &#8216;Hands-free spraak is mogelijk met behulp van een automatische spreekklep. Alleen zijn veel (~80%) van de pati\u00ebnten niet in staat om hiermee &#8216;hands-free&#8217; te spreken. De borstbeen fixatie prothese moet het vergemakkelijken om &#8216;hands-free&#8217; te spreken met een automatische spreekklep, doormiddel van tegendruk te geven aan de stoma tijdens spraak. Dit project is afgesloten in 2023.<\/p>\n<p><a href=\"https:\/\/www.health-holland.com\/project\/2022\/2022\/implant-based-sternal-fixation-system-sfs-freevoice-facilitate-hands-free-speech\" target=\"_blank\" rel=\"noopener\">Supported by TKI-LSH<\/a><\/p>\n\t\t\t\t\t\tRifRam: Titanium Jaw implant and surgical guide\n\t\t\t<p>Mobius 3D Technologies have, in collaboration with the Antoni van Leeuwenhoek Hospital, been developing an updated jaw implant for patients where part of the jaw has to be removed due to cancer. This implant is digitally designed based on CT images. The implant is 3D printed from Titanium, with a porous interior. The aim of the redesigned 3D printed jaw implant is to offer patients a safer, more reliable and stronger alternative to current methods. This project was concluded in 2023.<\/p>\n<p><a href=\"https:\/\/www.avl.nl\/nieuwsberichten\/2022\/primeur-eerste-succesvolle-operatie-met-op-maat-3d-geprinte-titanium-onderkaak-in-antoni-van-leeuwenhoek\/\" target=\"_blank\" rel=\"noopener\">Primeur: eerste succesvolle operatie met op maat 3D-geprinte titanium onderkaak in Antoni van Leeuwenhoek<\/a><\/p>\n\t\t\t\t\t\tCustom-made devices\n\t\t\t<p>Mobius is your reliable partner for medical build-to-print devices. When standard products fail to solve a medical problem, Mobius is here to manufacture customized medical devices. Consider, for example, patient-specific implants or tooling. Whether you're a medical professional or an industrial partner, you can approach us with your design or issue, and we'll ensure it is professionally printed using our metal 3D printing technology. 3D printing allows complex shapes to be produced with great design freedom. With our expertise and dedication, we deliver solutions that meet your specific needs and requirements.<\/p>\n\t<h2>Other sectors in which Mobius operates<\/h2>\nMobius 3D technologies is also active in other sectors in the development and production of<br \/>\nmetaal 3D geprinte producten. Wij zijn altijd ge\u00efnteresseerd naar toepassingen van metaal 3D printen in elke sector.\n\t\t\t\t\t\tLucht- en ruimtevaart\n\t\t\t<p>Mobius 3D Technologies is assisting an international manufacturer with the development of gyrocopter parts from concept to practical manufacturability. We collaborate on how to combine the best of 3D printing and machining while maintaining the functionality of the design within the client's budget. As well as sharing knowledge and experience, Mobius 3D Technologies manufactures products on a 3D printer and machines printed products on a 5-axis milling machine.<\/p>\n\t\t\t\t\t\tAutomotive\n\t\t\t<p>Additive manufacturing offers a perfect combination of weight optimisation, energy absorption and energy efficient design. These features provide the ability to meet increasing performance requirements without the limitations of traditional manufacturing techniques. Mobius 3D Technologies enables automotive manufacturers and suppliers to integrate these complex functionalities in an economically efficient way.<\/p>\n\t\t\t\t\t\tTooling\n\t\t\t<p>Mobius 3D Technologies works with several toolmakers for whom we 3D print complex parts and systems in hardened steel. Mobius 3D Technologies also has reliable partners in the field of post-machining such as turning, milling &amp; grinding.\u00a0<\/p>\n\t\t<img decoding=\"async\" src=\"https:\/\/mobius3dt.com\/wp-content\/uploads\/2023\/04\/Artboard-5.png\" alt=\"Artboard 5\" itemprop=\"image\"\/>\n\t<h2>Our services<\/h2>\n<p>Our team of skilled professionals work closely with researchers, healthcare professionals, and the industry to understand their requirements and develop tailored solutions. With our expertise and fast turnaround times, we offer a range of services from prototyping to full-scale manufacturing. Partner with us to bring your product ideas to life.<\/p>\n<h2>\n\t\tWhat do we offer?\n\t<\/h2>\n\t\t\t\t<img decoding=\"async\" src=\"https:\/\/mobius3dt.com\/wp-content\/uploads\/2023\/04\/designdevelopment-logo.png\" alt=\"design&amp;development logo\" title=\"design&amp;development logo\" itemprop=\"image\"\/>\n\t\t<h1>\n\t\tOntwerp &#038; Ontwikkeling\n\t<\/h1>\n\t\n<p>Working with you to develop innovative new medical devices is what Mobius 3D Technologies is all about. Through design and development projects, solution-oriented state-of-the-art products are created. Our expertise is combined with your knowledge and experience to bring innovative products to market.<\/p>\n\t\t\t\t<img decoding=\"async\" src=\"https:\/\/mobius3dt.com\/wp-content\/uploads\/2023\/04\/Meedenken-logo-1.png\" alt=\"Meedenken logo\" title=\"Meedenken logo\" itemprop=\"image\"\/>\n\t\t<h1>\n\t\tConsultancy\n\t<\/h1>\n\t\n<p>3D printing offers unprecedented design freedom. Mobius 3D Technologies offers consulting services for the optimal design of your product. You can provide a design that we can optimise for 3D printing, or we can design your product according to your functional requirements.<\/p>\n\t\t\t\t<img decoding=\"async\" src=\"https:\/\/mobius3dt.com\/wp-content\/uploads\/2023\/04\/manufacturing-logo.png\" alt=\"manufacturing logo\" title=\"manufacturing logo\" itemprop=\"image\"\/>\n\t\t<h1>\n\t\tManufacture\n\t<\/h1>\n\t\n<p>Mobius 3D Technologies manufactures custom medical devices. Count on us for high-quality 3D printed products with fast delivery. We also produce components for industries like automotive, aerospace, and tooling.<\/p>\n\t\t\t\t<img decoding=\"async\" src=\"https:\/\/mobius3dt.com\/wp-content\/uploads\/2023\/04\/post-processing-logo.png\" alt=\"post-processing logo\" title=\"post-processing logo\" itemprop=\"image\"\/>\n\t\t<h1>\n\t\tPost-processing\n\t<\/h1>\n\t\n<p>Mobius 3D Technologies is een &#8216;one stop shop&#8217; voor 3D printen, 5 assig CNC frezen, meer assig CNC draaien, oppervlaktebehandelingen en assemblage. Op deze manier zorgen wij dat uw product wordt geproduceerd naar uw wensen.<\/p>\n\t\t<img decoding=\"async\" src=\"https:\/\/mobius3dt.com\/wp-content\/uploads\/2023\/04\/Artboard-5.png\" alt=\"Artboard 5\" itemprop=\"image\"\/>\n\t<h2>Mission<\/h2>\n\n\t<p>Mobius 3D Technologies develops innovative medical devices to improve patient care and reduce costs. Mobius uses, among other things, state-of-the-art metal 3D printing for its product development. Mobius values close cooperation and achieves this through accessibility, short links and personal contact. Mobius uses a solution-oriented approach based on the stakeholders request and our specialist knowledge. Within Mobius, we keep challenging each other to continuously improve ourselves, our processes and products.<\/p>\n\t<h2>Vision<\/h2>\n\t<p>Mobius 3D Technologies is committed to supplying medical devices worldwide, thereby providing affordable care with the best solutions for the patient. Mobius is a trusted development partner with short links within Dutch hospitals and strives to be the first choice for the delivery of custom made 3D printed metal devices. As a modern and inclusive company, Mobius is socially involved in, among other things, reducing waste.<\/p>\n\t<h2>A United Dutch Industries partner<\/h2>\n<p>Mobius 3D Technologies is part of United Dutch Industries, a group of Dutch companies focused on providing the most competitive, innovative, reliable and capable engineering, integrated 3D printing techniques, machining, system assembly and industrial repairs.<\/p>\n\t<p>&nbsp;<\/p>\n<p><strong>Partners<\/strong><\/p>\n<p><a href=\"https:\/\/uniteddutchindustries.com\" target=\"_blank\" rel=\"noopener\"><img decoding=\"async\" src=\"https:\/\/mobius3dt.com\/wp-content\/uploads\/2022\/03\/UDI_UDI_DESIGN_FINAL-12.png\" width=\"50%\"\/><\/a><\/p>\n\t<p><a href=\"https:\/\/purinoxhme.com\" target=\"_blank\" rel=\"noopener\"><img decoding=\"async\" src=\"https:\/\/mobius3dt.com\/wp-content\/uploads\/2023\/04\/PURINOX-HME-LOGO_FINAL_PURINOX-HME-LOGO-Donkere-achtergrond-rechthoek.png\" width=\"25%\"\/><\/a><\/p>\n\t\t<img decoding=\"async\" src=\"https:\/\/mobius3dt.com\/wp-content\/uploads\/2023\/04\/Artboard-5.png\" alt=\"Artboard 5\" itemprop=\"image\"\/>\n\t<h2>Frequently asked questions<\/h2>\n\t\t\t\t\t\tWhat are the advantages of metal 3D printing? \n\t\t\t<p>3D printen biedt vele voordelen. Het vrije vorm ontwerp van 3D printen biedt ongekende mogelijkheden. Hiermee kunnen complexe vormen worden geproduceerd en kan gewichtsbesparing worden toegepast doormiddel van holle structuren, lattice structuren en topologie optimalisatie. Het materiaalgebruik is minimaal door effici\u00ebnt gebruik en hergebruik van printpoeder en er kan snel geproduceerd worden zonder ingewikkelde tools, gietmallen of verspaningsprogramma&#8217;s. Bovendien kunnen meerdere onderdelen worden ge\u00efntegreerd tot een assemblage. Heeft uw product complexe vormen voor verspanen, basismateriaal met een hoge kostprijs, een hoge tijdsdruk of een combinatie van deze factoren, dan is 3D-printen zeker een voordelige productietechniek!\u00a0<\/p>\n\t\t\t\t\t\tAre the material properties of printed products similar to castings?\n\t\t\t<p>De eigenschappen van onze materialen zijn vergelijkbaar met de eigenschappen van soortgelijke producten uit gietwerk. Om tot de juiste kwaliteit te komen, beschikken wij over een &#8216;worldclass&#8217; kwaliteitsmanagementsysteem waarmee wij het productieproces constant monitoren. Daarnaast voeren wij veel research uit, waarbij wij de ongelimiteerde mogelijkheden van de &#8216;Additive Manufacturing&#8217;-techniek voortdurend testen. Wilt u meer informatie? Neem dan contact met ons op!<\/p>\n\t\t\t\t\t\tWhich type of 3D printing technology is used by Mobius 3D Technologies?\n\t\t\t<p>For production, we use an additive manufacturing technique called Laser Powder Bed Fusion. In this technique, metal powder is applied to the building plate layer by layer from a reservoir. Two lasers are used to fuse each layer together.<\/p>\n\t\t\t\t\t\tWhat kind of materials are 3D printed by Mobius 3D Technologies?\n\t\t\t<p>We print in aluminium (AlSi10Mg(B)), stainless steel (316L) and titanium (Ti6Al4V, grade 23). For the application of other materials, please feel free to discuss the possibilities. If there is sufficient demand, we will expand our product range. Please do not hesitate to contact us if the material you require is not in our range.<\/p>\n\t\t\t\t\t\tWhat are the maximum printable dimensions?\n\t\t\t<p>We can print anything up to a size of 245 x 245 x 280mm. Sometimes larger products are possible by carefully dividing the product. Even if you have larger products, please contact us. We do not shy away from challenges and will work with you and the network at our disposal to find a solution.<\/p>\n\t\t\t\t\t\tWhat are the tolerances for printing?\n\t\t\t<p>We can print within \u00b10.1mm when a product occupies most of the build plate. For smaller products, the accuracy is in the \u00b1 0.1 mm to \u00b1 0.05 mm range. With CNC finishing we can achieve even tighter tolerances of up to \u00b1 0.05mm.<\/p>\n\t\t\t\t\t\tWhat is the delivery time for a 3D printed product?\n\t\t\t<p>De levertijd van de geprinte producten is doorgaans maximaal 3 weken. Daarnaast hebben wij een &#8216;fast-track&#8217; voor producten met een kortere levertijd (&lt;1 week).<\/p>\n\t\t\t\t\t\tWhat finishing options are possible?\n\t\t\t<p>You can contact us for machining services such as tapped holes, heat treatment, external and internal surface treatment and assembly. Please also contact us if you require a finishing option that we do not currently offer. We are always open to expanding our capabilities and meeting your needs.<\/p>\n<h2>\n\t\tWant to know more?\n\t<\/h2>\n\tGet in touch with our team<br \/>\nMaandag &#8211; vrijdag (8:00 &#8211; 16:30)\n\t\t\t<a href=\"tel:\/\/00251 260 000\" target=\"_self\" role=\"button\" aria-label=\"BEL 0251 260 000\" rel=\"noopener\">\n\t\t\t\t\t\t\tBEL 0251 260 000\n\t\t<\/a>\n\t\t\t<a href=\"mailto:contact@mobius3dt.com\" target=\"_self\" role=\"button\" aria-label=\"E-mail contact@mobius3dt.com\" rel=\"noopener\">\n\t\t\t\t\t\t\tE-mail contact@mobius3dt.com\n\t\t<\/a>\n\t<h2>Subscripe to the newsletter<\/h2>","protected":false},"excerpt":{"rendered":"<p>Voor de vraag van vandaag en de zorg van de toekomst Waarmee kunnen wij jou helpen? Bij Mobius 3D Technologies zijn wij gepassioneerd over metaal 3D printen van producten voor verscheidenen sectoren, met name voor de ontwikkeling en productie van medische hulpmiddelen. Wij kennen de waarde en het potentieel dat printen brengt voor innovatieve ontwerpen&hellip;<\/p>","protected":false},"author":1,"featured_media":0,"parent":0,"menu_order":0,"comment_status":"closed","ping_status":"closed","template":"","meta":{"footnotes":""},"yoast_head":"<!-- This site is optimized with the Yoast SEO plugin v22.8 - https:\/\/yoast.com\/wordpress\/plugins\/seo\/ -->\n<title>Mobius 3D Technologies - Conquering Design Challenges with metal 3D Printing<\/title>\n<meta name=\"description\" content=\"Metaal 3D printen. Mobius 3D Technologies levert high-end metaal 3D-printoplossingen. We helpen bedrijven zich te ontwikkelen in Additive Manufacturing.\" \/>\n<meta name=\"robots\" content=\"index, follow, max-snippet:-1, max-image-preview:large, max-video-preview:-1\" \/>\n<link rel=\"canonical\" href=\"https:\/\/mobius3dt.com\/en\/\" \/>\n<meta property=\"og:locale\" content=\"en_GB\" \/>\n<meta property=\"og:type\" content=\"article\" \/>\n<meta property=\"og:title\" content=\"Mobius 3D Technologies - Conquering Design Challenges with metal 3D Printing\" \/>\n<meta property=\"og:description\" content=\"Metaal 3D printen. Mobius 3D Technologies levert high-end metaal 3D-printoplossingen. We helpen bedrijven zich te ontwikkelen in Additive Manufacturing.\" \/>\n<meta property=\"og:url\" content=\"https:\/\/mobius3dt.com\/en\/\" \/>\n<meta property=\"og:site_name\" content=\"Mobius 3D Technologies\" \/>\n<meta property=\"article:publisher\" content=\"https:\/\/business.facebook.com\/Mobius3DTechnologies\/\" \/>\n<meta property=\"article:modified_time\" content=\"2025-01-06T15:01:38+00:00\" \/>\n<meta property=\"og:image\" content=\"https:\/\/mobius3dt.com\/wp-content\/uploads\/2023\/04\/Artboard-5.png\" \/>\n<meta name=\"twitter:card\" content=\"summary_large_image\" \/>\n<meta name=\"twitter:site\" content=\"@Mobius3DTech\" \/>\n<meta name=\"twitter:label1\" content=\"Estimated reading time\" \/>\n\t<meta name=\"twitter:data1\" content=\"12 minutes\" \/>\n<script type=\"application\/ld+json\" class=\"yoast-schema-graph\">{\"@context\":\"https:\/\/schema.org\",\"@graph\":[{\"@type\":\"WebPage\",\"@id\":\"https:\/\/mobius3dt.com\/\",\"url\":\"https:\/\/mobius3dt.com\/\",\"name\":\"Mobius 3D Technologies - Conquering Design Challenges with metal 3D Printing\",\"isPartOf\":{\"@id\":\"https:\/\/mobius3dt.com\/#website\"},\"primaryImageOfPage\":{\"@id\":\"https:\/\/mobius3dt.com\/#primaryimage\"},\"image\":{\"@id\":\"https:\/\/mobius3dt.com\/#primaryimage\"},\"thumbnailUrl\":\"https:\/\/mobius3dt.com\/wp-content\/uploads\/2023\/04\/Artboard-5.png\",\"datePublished\":\"2023-04-19T07:50:38+00:00\",\"dateModified\":\"2025-01-06T15:01:38+00:00\",\"description\":\"Metaal 3D printen. Mobius 3D Technologies levert high-end metaal 3D-printoplossingen. We helpen bedrijven zich te ontwikkelen in Additive Manufacturing.\",\"breadcrumb\":{\"@id\":\"https:\/\/mobius3dt.com\/#breadcrumb\"},\"inLanguage\":\"en-GB\",\"potentialAction\":[{\"@type\":\"ReadAction\",\"target\":[\"https:\/\/mobius3dt.com\/\"]}]},{\"@type\":\"ImageObject\",\"inLanguage\":\"en-GB\",\"@id\":\"https:\/\/mobius3dt.com\/#primaryimage\",\"url\":\"https:\/\/mobius3dt.com\/wp-content\/uploads\/2023\/04\/Artboard-5.png\",\"contentUrl\":\"https:\/\/mobius3dt.com\/wp-content\/uploads\/2023\/04\/Artboard-5.png\"},{\"@type\":\"BreadcrumbList\",\"@id\":\"https:\/\/mobius3dt.com\/#breadcrumb\",\"itemListElement\":[{\"@type\":\"ListItem\",\"position\":1,\"name\":\"Home\",\"item\":\"https:\/\/mobius3dt.com\/\"},{\"@type\":\"ListItem\",\"position\":2,\"name\":\"Homepage\"}]},{\"@type\":\"WebSite\",\"@id\":\"https:\/\/mobius3dt.com\/#website\",\"url\":\"https:\/\/mobius3dt.com\/\",\"name\":\"Mobius 3D Technologies\",\"description\":\"Voor de vraag van vandaag en de zorg van de toekomst\",\"publisher\":{\"@id\":\"https:\/\/mobius3dt.com\/#organization\"},\"potentialAction\":[{\"@type\":\"SearchAction\",\"target\":{\"@type\":\"EntryPoint\",\"urlTemplate\":\"https:\/\/mobius3dt.com\/?s={search_term_string}\"},\"query-input\":\"required name=search_term_string\"}],\"inLanguage\":\"en-GB\"},{\"@type\":\"Organization\",\"@id\":\"https:\/\/mobius3dt.com\/#organization\",\"name\":\"Mobius 3D Technologies\",\"url\":\"https:\/\/mobius3dt.com\/\",\"logo\":{\"@type\":\"ImageObject\",\"inLanguage\":\"en-GB\",\"@id\":\"https:\/\/mobius3dt.com\/#\/schema\/logo\/image\/\",\"url\":\"https:\/\/mobius3dt.com\/wp-content\/uploads\/2020\/09\/logo-mobius-vertical-1.jpg\",\"contentUrl\":\"https:\/\/mobius3dt.com\/wp-content\/uploads\/2020\/09\/logo-mobius-vertical-1.jpg\",\"width\":112,\"height\":112,\"caption\":\"Mobius 3D Technologies\"},\"image\":{\"@id\":\"https:\/\/mobius3dt.com\/#\/schema\/logo\/image\/\"},\"sameAs\":[\"https:\/\/business.facebook.com\/Mobius3DTechnologies\/\",\"https:\/\/x.com\/Mobius3DTech\",\"https:\/\/www.instagram.com\/mr.additive\/\",\"https:\/\/www.linkedin.com\/company\/mobius-3d-technologies\/\"]}]}<\/script>\n<!-- \/ Yoast SEO plugin. -->","yoast_head_json":{"title":"Mobius 3D Technologies - Conquering Design Challenges with metal 3D Printing","description":"Metaal 3D printen. Mobius 3D Technologies levert high-end metaal 3D-printoplossingen. We helpen bedrijven zich te ontwikkelen in Additive Manufacturing.","robots":{"index":"index","follow":"follow","max-snippet":"max-snippet:-1","max-image-preview":"max-image-preview:large","max-video-preview":"max-video-preview:-1"},"canonical":"https:\/\/mobius3dt.com\/en\/","og_locale":"en_GB","og_type":"article","og_title":"Mobius 3D Technologies - Conquering Design Challenges with metal 3D Printing","og_description":"Metaal 3D printen. Mobius 3D Technologies levert high-end metaal 3D-printoplossingen. We helpen bedrijven zich te ontwikkelen in Additive Manufacturing.","og_url":"https:\/\/mobius3dt.com\/en\/","og_site_name":"Mobius 3D Technologies","article_publisher":"https:\/\/business.facebook.com\/Mobius3DTechnologies\/","article_modified_time":"2025-01-06T15:01:38+00:00","og_image":[{"url":"https:\/\/mobius3dt.com\/wp-content\/uploads\/2023\/04\/Artboard-5.png"}],"twitter_card":"summary_large_image","twitter_site":"@Mobius3DTech","twitter_misc":{"Estimated reading time":"12 minutes"},"schema":{"@context":"https:\/\/schema.org","@graph":[{"@type":"WebPage","@id":"https:\/\/mobius3dt.com\/","url":"https:\/\/mobius3dt.com\/","name":"Mobius 3D Technologies - Conquering Design Challenges with metal 3D Printing","isPartOf":{"@id":"https:\/\/mobius3dt.com\/#website"},"primaryImageOfPage":{"@id":"https:\/\/mobius3dt.com\/#primaryimage"},"image":{"@id":"https:\/\/mobius3dt.com\/#primaryimage"},"thumbnailUrl":"https:\/\/mobius3dt.com\/wp-content\/uploads\/2023\/04\/Artboard-5.png","datePublished":"2023-04-19T07:50:38+00:00","dateModified":"2025-01-06T15:01:38+00:00","description":"Metaal 3D printen. Mobius 3D Technologies levert high-end metaal 3D-printoplossingen. We helpen bedrijven zich te ontwikkelen in Additive Manufacturing.","breadcrumb":{"@id":"https:\/\/mobius3dt.com\/#breadcrumb"},"inLanguage":"en-GB","potentialAction":[{"@type":"ReadAction","target":["https:\/\/mobius3dt.com\/"]}]},{"@type":"ImageObject","inLanguage":"en-GB","@id":"https:\/\/mobius3dt.com\/#primaryimage","url":"https:\/\/mobius3dt.com\/wp-content\/uploads\/2023\/04\/Artboard-5.png","contentUrl":"https:\/\/mobius3dt.com\/wp-content\/uploads\/2023\/04\/Artboard-5.png"},{"@type":"BreadcrumbList","@id":"https:\/\/mobius3dt.com\/#breadcrumb","itemListElement":[{"@type":"ListItem","position":1,"name":"Home","item":"https:\/\/mobius3dt.com\/"},{"@type":"ListItem","position":2,"name":"Homepage"}]},{"@type":"WebSite","@id":"https:\/\/mobius3dt.com\/#website","url":"https:\/\/mobius3dt.com\/","name":"Mobius 3D Technologies","description":"Voor de vraag van vandaag en de zorg van de toekomst","publisher":{"@id":"https:\/\/mobius3dt.com\/#organization"},"potentialAction":[{"@type":"SearchAction","target":{"@type":"EntryPoint","urlTemplate":"https:\/\/mobius3dt.com\/?s={search_term_string}"},"query-input":"required name=search_term_string"}],"inLanguage":"en-GB"},{"@type":"Organization","@id":"https:\/\/mobius3dt.com\/#organization","name":"Mobius 3D Technologies","url":"https:\/\/mobius3dt.com\/","logo":{"@type":"ImageObject","inLanguage":"en-GB","@id":"https:\/\/mobius3dt.com\/#\/schema\/logo\/image\/","url":"https:\/\/mobius3dt.com\/wp-content\/uploads\/2020\/09\/logo-mobius-vertical-1.jpg","contentUrl":"https:\/\/mobius3dt.com\/wp-content\/uploads\/2020\/09\/logo-mobius-vertical-1.jpg","width":112,"height":112,"caption":"Mobius 3D Technologies"},"image":{"@id":"https:\/\/mobius3dt.com\/#\/schema\/logo\/image\/"},"sameAs":["https:\/\/business.facebook.com\/Mobius3DTechnologies\/","https:\/\/x.com\/Mobius3DTech","https:\/\/www.instagram.com\/mr.additive\/","https:\/\/www.linkedin.com\/company\/mobius-3d-technologies\/"]}]}},"_links":{"self":[{"href":"https:\/\/mobius3dt.com\/en\/wp-json\/wp\/v2\/pages\/5645"}],"collection":[{"href":"https:\/\/mobius3dt.com\/en\/wp-json\/wp\/v2\/pages"}],"about":[{"href":"https:\/\/mobius3dt.com\/en\/wp-json\/wp\/v2\/types\/page"}],"author":[{"embeddable":true,"href":"https:\/\/mobius3dt.com\/en\/wp-json\/wp\/v2\/users\/1"}],"replies":[{"embeddable":true,"href":"https:\/\/mobius3dt.com\/en\/wp-json\/wp\/v2\/comments?post=5645"}],"version-history":[{"count":110,"href":"https:\/\/mobius3dt.com\/en\/wp-json\/wp\/v2\/pages\/5645\/revisions"}],"predecessor-version":[{"id":6143,"href":"https:\/\/mobius3dt.com\/en\/wp-json\/wp\/v2\/pages\/5645\/revisions\/6143"}],"wp:attachment":[{"href":"https:\/\/mobius3dt.com\/en\/wp-json\/wp\/v2\/media?parent=5645"}],"curies":[{"name":"wp","href":"https:\/\/api.w.org\/{rel}","templated":true}]}}